{"id":988553,"date":"2024-11-21T04:11:24","date_gmt":"2024-11-21T04:11:24","guid":{"rendered":"https:\/\/cafesoca.us\/?post_type=product&#038;p=988553"},"modified":"2024-12-16T20:17:53","modified_gmt":"2024-12-16T20:17:53","slug":"soca-mujer-caficultora","status":"publish","type":"product","link":"https:\/\/cafesoca.us\/en\/product\/soca-mujer-caficultora\/","title":{"rendered":"Soca Mujer Caficultora"},"content":{"rendered":"<div class=\"vgblk-rw-wrapper limit-wrapper\"><strong>This coffee is the result of a collaborative effort between Soca and the Asoguague\u00f1as Women\u2019s Association in Huila.<\/strong><\/p>\n<p>In the heart of Huila, <strong>at Finca Sina\u00ed, Palermo Municipality,<\/strong>at 1800 meters <strong>above sea level,<\/strong>this coffee is the result of a joint effort celebrating the dedication and passion of women coffee growers. With a <strong>25-day<\/strong>drying period in raised beds, each bean is handled with the utmost care, ensuring both quality and sustainability.<\/p>\n<p><strong>A tribute to women coffee growers and the authentic flavor of Huila.<\/strong><\/div>\n<p><!-- .vgblk-rw-wrapper --><\/p>","protected":false},"excerpt":{"rendered":"<p>Trabajo colaborativo entre Soca y la Asociaci\u00f3n de Mujeres Asoguague\u00f1as en el Huila. En el coraz\u00f3n del Huila, en la Finca Sina\u00ed, Municipio Palermo, a una altitud de 1800 msnm, este caf\u00e9 es el resultado de un esfuerzo conjunto que celebra el compromiso y la pasi\u00f3n de las mujeres caficultoras. Con un tiempo de secado&#8230;<\/p>","protected":false},"featured_media":988559,"comment_status":"closed","ping_status":"closed","template":"","meta":{"_acf_changed":false,"_coblocks_attr":"","_coblocks_dimensions":"","_coblocks_responsive_height":"","_coblocks_accordion_ie_support":""},"product_brand":[],"product_cat":[167],"product_tag":[],"class_list":{"0":"post-988553","1":"product","2":"type-product","3":"status-publish","4":"has-post-thumbnail","6":"product_cat-cafe","8":"first","9":"instock","10":"shipping-taxable","11":"product-type-variable"},"acf":[],"_links":{"self":[{"href":"https:\/\/cafesoca.us\/en\/wp-json\/wp\/v2\/product\/988553","targetHints":{"allow":["GET"]}}],"collection":[{"href":"https:\/\/cafesoca.us\/en\/wp-json\/wp\/v2\/product"}],"about":[{"href":"https:\/\/cafesoca.us\/en\/wp-json\/wp\/v2\/types\/product"}],"replies":[{"embeddable":true,"href":"https:\/\/cafesoca.us\/en\/wp-json\/wp\/v2\/comments?post=988553"}],"version-history":[{"count":1,"href":"https:\/\/cafesoca.us\/en\/wp-json\/wp\/v2\/product\/988553\/revisions"}],"predecessor-version":[{"id":989000,"href":"https:\/\/cafesoca.us\/en\/wp-json\/wp\/v2\/product\/988553\/revisions\/989000"}],"wp:featuredmedia":[{"embeddable":true,"href":"https:\/\/cafesoca.us\/en\/wp-json\/wp\/v2\/media\/988559"}],"wp:attachment":[{"href":"https:\/\/cafesoca.us\/en\/wp-json\/wp\/v2\/media?parent=988553"}],"wp:term":[{"taxonomy":"product_brand","embeddable":true,"href":"https:\/\/cafesoca.us\/en\/wp-json\/wp\/v2\/product_brand?post=988553"},{"taxonomy":"product_cat","embeddable":true,"href":"https:\/\/cafesoca.us\/en\/wp-json\/wp\/v2\/product_cat?post=988553"},{"taxonomy":"product_tag","embeddable":true,"href":"https:\/\/cafesoca.us\/en\/wp-json\/wp\/v2\/product_tag?post=988553"}],"curies":[{"name":"wp","href":"https:\/\/api.w.org\/{rel}","templated":true}]}}